{"id":198,"date":"2018-02-06T15:48:23","date_gmt":"2018-02-06T14:48:23","guid":{"rendered":"http:\/\/www.lapetiteprairie.be\/?page_id=198"},"modified":"2024-12-22T10:33:25","modified_gmt":"2024-12-22T09:33:25","slug":"accueil","status":"publish","type":"page","link":"https:\/\/www.lapetiteprairie.be\/","title":{"rendered":"Accueil"},"content":{"rendered":"<p style=\"text-align: left;\">Situ\u00e9e au c\u0153ur du Condroz li\u00e9geois entre la ville de Huy et celle de Durbuy, \u00ab\u00a0La Petite Prairie\u00a0\u00bb vous accueille dans ses g\u00eetes restaur\u00e9s en pierre du pays au sein d\u2019une ancienne ferme d\u2019\u00e9levages de bovins et de volailles.<\/p>\n<p style=\"text-align: left;\">Que vous soyez seul, en famille ou entre amis, tout est mis en \u0153uvre afin que votre s\u00e9jour soit une r\u00e9ussite.<\/p>\n<p>\u00a0<\/p>\n<p><span style=\"color: #7a0000;\">Retrouvez les derni\u00e8res infos sur la page <a style=\"color: #7a0000;\" href=\"http:\/\/www.lapetiteprairie.be\/?page_id=201\"><strong>news<\/strong><\/a>.<\/span><\/p>\n\n\n<figure class=\"wp-block-gallery has-nested-images columns-default is-cropped wp-block-gallery-1 is-layout-flex wp-block-gallery-is-layout-flex\">\n<figure class=\"wp-block-image size-large\"><img loading=\"lazy\" decoding=\"async\" width=\"1024\" height=\"678\" data-id=\"196\" src=\"https:\/\/www.lapetiteprairie.be\/wp-content\/uploads\/2018\/02\/DSC_0131-1024x678.jpg\" alt=\"\" class=\"wp-image-196\" srcset=\"https:\/\/www.lapetiteprairie.be\/wp-content\/uploads\/2018\/02\/DSC_0131-1024x678.jpg 1024w, https:\/\/www.lapetiteprairie.be\/wp-content\/uploads\/2018\/02\/DSC_0131-300x199.jpg 300w, https:\/\/www.lapetiteprairie.be\/wp-content\/uploads\/2018\/02\/DSC_0131-768x509.jpg 768w\" sizes=\"auto, (max-width: 706px) 89vw, (max-width: 767px) 82vw, 740px\" \/><figcaption class=\"wp-element-caption\">Espace barbecue<\/figcaption><\/figure>\n<\/figure>\n","protected":false},"excerpt":{"rendered":"<p>Situ\u00e9e au c\u0153ur du Condroz li\u00e9geois entre la ville de Huy et celle de Durbuy, \u00ab\u00a0La Petite Prairie\u00a0\u00bb vous accueille dans ses g\u00eetes restaur\u00e9s en pierre du pays au sein d\u2019une ancienne ferme d\u2019\u00e9levages de bovins et de volailles. Que vous soyez seul, en famille ou entre amis, tout est mis en \u0153uvre afin que &hellip; <\/p>\n<p class=\"link-more\"><a href=\"https:\/\/www.lapetiteprairie.be\/\" class=\"more-link\">Continuer la lecture<span class=\"screen-reader-text\"> de &laquo;&nbsp;Accueil&nbsp;&raquo;<\/span><\/a><\/p>\n","protected":false},"author":2,"featured_media":0,"parent":0,"menu_order":0,"comment_status":"closed","ping_status":"closed","template":"","meta":{"footnotes":""},"class_list":["post-198","page","type-page","status-publish","hentry"],"yoast_head":"<!-- This site is optimized with the Yoast SEO plugin v27.4 - https:\/\/yoast.com\/product\/yoast-seo-wordpress\/ -->\n<title>Accueil - G\u00eetes &quot;La Petite Prairie&quot;<\/title>\n<meta name=\"robots\" content=\"index, follow, max-snippet:-1, max-image-preview:large, max-video-preview:-1\" \/>\n<link rel=\"canonical\" href=\"https:\/\/www.lapetiteprairie.be\/\" \/>\n<meta property=\"og:locale\" content=\"fr_FR\" \/>\n<meta property=\"og:type\" content=\"article\" \/>\n<meta property=\"og:title\" content=\"Accueil - G\u00eetes &quot;La Petite Prairie&quot;\" \/>\n<meta property=\"og:description\" content=\"Situ\u00e9e au c\u0153ur du Condroz li\u00e9geois entre la ville de Huy et celle de Durbuy, \u00ab\u00a0La Petite Prairie\u00a0\u00bb vous accueille dans ses g\u00eetes restaur\u00e9s en pierre du pays au sein d\u2019une ancienne ferme d\u2019\u00e9levages de bovins et de volailles. Que vous soyez seul, en famille ou entre amis, tout est mis en \u0153uvre afin que &hellip; Continuer la lecture de &laquo;&nbsp;Accueil&nbsp;&raquo;\" \/>\n<meta property=\"og:url\" content=\"https:\/\/www.lapetiteprairie.be\/\" \/>\n<meta property=\"og:site_name\" content=\"G\u00eetes &quot;La Petite Prairie&quot;\" \/>\n<meta property=\"article:modified_time\" content=\"2024-12-22T09:33:25+00:00\" \/>\n<meta property=\"og:image\" content=\"https:\/\/www.lapetiteprairie.be\/wp-content\/uploads\/2018\/02\/DSC_0131-1024x678.jpg\" \/>\n<meta name=\"twitter:card\" content=\"summary_large_image\" \/>\n<meta name=\"twitter:label1\" content=\"Dur\u00e9e de lecture estim\u00e9e\" \/>\n\t<meta name=\"twitter:data1\" content=\"1 minute\" \/>\n<script type=\"application\/ld+json\" class=\"yoast-schema-graph\">{\"@context\":\"https:\\\/\\\/schema.org\",\"@graph\":[{\"@type\":\"WebPage\",\"@id\":\"https:\\\/\\\/www.lapetiteprairie.be\\\/\",\"url\":\"https:\\\/\\\/www.lapetiteprairie.be\\\/\",\"name\":\"Accueil - G\u00eetes &quot;La Petite Prairie&quot;\",\"isPartOf\":{\"@id\":\"https:\\\/\\\/www.lapetiteprairie.be\\\/#website\"},\"primaryImageOfPage\":{\"@id\":\"https:\\\/\\\/www.lapetiteprairie.be\\\/#primaryimage\"},\"image\":{\"@id\":\"https:\\\/\\\/www.lapetiteprairie.be\\\/#primaryimage\"},\"thumbnailUrl\":\"https:\\\/\\\/www.lapetiteprairie.be\\\/wp-content\\\/uploads\\\/2018\\\/02\\\/DSC_0131-1024x678.jpg\",\"datePublished\":\"2018-02-06T14:48:23+00:00\",\"dateModified\":\"2024-12-22T09:33:25+00:00\",\"breadcrumb\":{\"@id\":\"https:\\\/\\\/www.lapetiteprairie.be\\\/#breadcrumb\"},\"inLanguage\":\"fr-FR\",\"potentialAction\":[{\"@type\":\"ReadAction\",\"target\":[\"https:\\\/\\\/www.lapetiteprairie.be\\\/\"]}]},{\"@type\":\"ImageObject\",\"inLanguage\":\"fr-FR\",\"@id\":\"https:\\\/\\\/www.lapetiteprairie.be\\\/#primaryimage\",\"url\":\"https:\\\/\\\/www.lapetiteprairie.be\\\/wp-content\\\/uploads\\\/2018\\\/02\\\/DSC_0131.jpg\",\"contentUrl\":\"https:\\\/\\\/www.lapetiteprairie.be\\\/wp-content\\\/uploads\\\/2018\\\/02\\\/DSC_0131.jpg\",\"width\":4928,\"height\":3264,\"caption\":\"Espace barbecue\"},{\"@type\":\"BreadcrumbList\",\"@id\":\"https:\\\/\\\/www.lapetiteprairie.be\\\/#breadcrumb\",\"itemListElement\":[{\"@type\":\"ListItem\",\"position\":1,\"name\":\"Accueil\",\"item\":\"https:\\\/\\\/www.lapetiteprairie.be\\\/\"},{\"@type\":\"ListItem\",\"position\":2,\"name\":\"Accueil\"}]},{\"@type\":\"WebSite\",\"@id\":\"https:\\\/\\\/www.lapetiteprairie.be\\\/#website\",\"url\":\"https:\\\/\\\/www.lapetiteprairie.be\\\/\",\"name\":\"G\u00eetes &quot;La Petite Prairie&quot;\",\"description\":\"G\u00eetes ruraux dans la commune de Modave\",\"publisher\":{\"@id\":\"https:\\\/\\\/www.lapetiteprairie.be\\\/#organization\"},\"potentialAction\":[{\"@type\":\"SearchAction\",\"target\":{\"@type\":\"EntryPoint\",\"urlTemplate\":\"https:\\\/\\\/www.lapetiteprairie.be\\\/?s={search_term_string}\"},\"query-input\":{\"@type\":\"PropertyValueSpecification\",\"valueRequired\":true,\"valueName\":\"search_term_string\"}}],\"inLanguage\":\"fr-FR\"},{\"@type\":\"Organization\",\"@id\":\"https:\\\/\\\/www.lapetiteprairie.be\\\/#organization\",\"name\":\"G\u00eetes &quot;La Petite Prairie&quot;\",\"url\":\"https:\\\/\\\/www.lapetiteprairie.be\\\/\",\"logo\":{\"@type\":\"ImageObject\",\"inLanguage\":\"fr-FR\",\"@id\":\"https:\\\/\\\/www.lapetiteprairie.be\\\/#\\\/schema\\\/logo\\\/image\\\/\",\"url\":\"https:\\\/\\\/www.lapetiteprairie.be\\\/wp-content\\\/uploads\\\/2020\\\/08\\\/cropped-gite-3-epis.png\",\"contentUrl\":\"https:\\\/\\\/www.lapetiteprairie.be\\\/wp-content\\\/uploads\\\/2020\\\/08\\\/cropped-gite-3-epis.png\",\"width\":218,\"height\":250,\"caption\":\"G\u00eetes &quot;La Petite Prairie&quot;\"},\"image\":{\"@id\":\"https:\\\/\\\/www.lapetiteprairie.be\\\/#\\\/schema\\\/logo\\\/image\\\/\"}}]}<\/script>\n<!-- \/ Yoast SEO plugin. -->","yoast_head_json":{"title":"Accueil - G\u00eetes &quot;La Petite Prairie&quot;","robots":{"index":"index","follow":"follow","max-snippet":"max-snippet:-1","max-image-preview":"max-image-preview:large","max-video-preview":"max-video-preview:-1"},"canonical":"https:\/\/www.lapetiteprairie.be\/","og_locale":"fr_FR","og_type":"article","og_title":"Accueil - G\u00eetes &quot;La Petite Prairie&quot;","og_description":"Situ\u00e9e au c\u0153ur du Condroz li\u00e9geois entre la ville de Huy et celle de Durbuy, \u00ab\u00a0La Petite Prairie\u00a0\u00bb vous accueille dans ses g\u00eetes restaur\u00e9s en pierre du pays au sein d\u2019une ancienne ferme d\u2019\u00e9levages de bovins et de volailles. Que vous soyez seul, en famille ou entre amis, tout est mis en \u0153uvre afin que &hellip; Continuer la lecture de &laquo;&nbsp;Accueil&nbsp;&raquo;","og_url":"https:\/\/www.lapetiteprairie.be\/","og_site_name":"G\u00eetes &quot;La Petite Prairie&quot;","article_modified_time":"2024-12-22T09:33:25+00:00","og_image":[{"url":"https:\/\/www.lapetiteprairie.be\/wp-content\/uploads\/2018\/02\/DSC_0131-1024x678.jpg","type":"","width":"","height":""}],"twitter_card":"summary_large_image","twitter_misc":{"Dur\u00e9e de lecture estim\u00e9e":"1 minute"},"schema":{"@context":"https:\/\/schema.org","@graph":[{"@type":"WebPage","@id":"https:\/\/www.lapetiteprairie.be\/","url":"https:\/\/www.lapetiteprairie.be\/","name":"Accueil - G\u00eetes &quot;La Petite Prairie&quot;","isPartOf":{"@id":"https:\/\/www.lapetiteprairie.be\/#website"},"primaryImageOfPage":{"@id":"https:\/\/www.lapetiteprairie.be\/#primaryimage"},"image":{"@id":"https:\/\/www.lapetiteprairie.be\/#primaryimage"},"thumbnailUrl":"https:\/\/www.lapetiteprairie.be\/wp-content\/uploads\/2018\/02\/DSC_0131-1024x678.jpg","datePublished":"2018-02-06T14:48:23+00:00","dateModified":"2024-12-22T09:33:25+00:00","breadcrumb":{"@id":"https:\/\/www.lapetiteprairie.be\/#breadcrumb"},"inLanguage":"fr-FR","potentialAction":[{"@type":"ReadAction","target":["https:\/\/www.lapetiteprairie.be\/"]}]},{"@type":"ImageObject","inLanguage":"fr-FR","@id":"https:\/\/www.lapetiteprairie.be\/#primaryimage","url":"https:\/\/www.lapetiteprairie.be\/wp-content\/uploads\/2018\/02\/DSC_0131.jpg","contentUrl":"https:\/\/www.lapetiteprairie.be\/wp-content\/uploads\/2018\/02\/DSC_0131.jpg","width":4928,"height":3264,"caption":"Espace barbecue"},{"@type":"BreadcrumbList","@id":"https:\/\/www.lapetiteprairie.be\/#breadcrumb","itemListElement":[{"@type":"ListItem","position":1,"name":"Accueil","item":"https:\/\/www.lapetiteprairie.be\/"},{"@type":"ListItem","position":2,"name":"Accueil"}]},{"@type":"WebSite","@id":"https:\/\/www.lapetiteprairie.be\/#website","url":"https:\/\/www.lapetiteprairie.be\/","name":"G\u00eetes &quot;La Petite Prairie&quot;","description":"G\u00eetes ruraux dans la commune de Modave","publisher":{"@id":"https:\/\/www.lapetiteprairie.be\/#organization"},"potentialAction":[{"@type":"SearchAction","target":{"@type":"EntryPoint","urlTemplate":"https:\/\/www.lapetiteprairie.be\/?s={search_term_string}"},"query-input":{"@type":"PropertyValueSpecification","valueRequired":true,"valueName":"search_term_string"}}],"inLanguage":"fr-FR"},{"@type":"Organization","@id":"https:\/\/www.lapetiteprairie.be\/#organization","name":"G\u00eetes &quot;La Petite Prairie&quot;","url":"https:\/\/www.lapetiteprairie.be\/","logo":{"@type":"ImageObject","inLanguage":"fr-FR","@id":"https:\/\/www.lapetiteprairie.be\/#\/schema\/logo\/image\/","url":"https:\/\/www.lapetiteprairie.be\/wp-content\/uploads\/2020\/08\/cropped-gite-3-epis.png","contentUrl":"https:\/\/www.lapetiteprairie.be\/wp-content\/uploads\/2020\/08\/cropped-gite-3-epis.png","width":218,"height":250,"caption":"G\u00eetes &quot;La Petite Prairie&quot;"},"image":{"@id":"https:\/\/www.lapetiteprairie.be\/#\/schema\/logo\/image\/"}}]}},"jetpack_shortlink":"https:\/\/wp.me\/P9AdLW-3c","jetpack_sharing_enabled":true,"_links":{"self":[{"href":"https:\/\/www.lapetiteprairie.be\/index.php?rest_route=\/wp\/v2\/pages\/198","targetHints":{"allow":["GET"]}}],"collection":[{"href":"https:\/\/www.lapetiteprairie.be\/index.php?rest_route=\/wp\/v2\/pages"}],"about":[{"href":"https:\/\/www.lapetiteprairie.be\/index.php?rest_route=\/wp\/v2\/types\/page"}],"author":[{"embeddable":true,"href":"https:\/\/www.lapetiteprairie.be\/index.php?rest_route=\/wp\/v2\/users\/2"}],"replies":[{"embeddable":true,"href":"https:\/\/www.lapetiteprairie.be\/index.php?rest_route=%2Fwp%2Fv2%2Fcomments&post=198"}],"version-history":[{"count":8,"href":"https:\/\/www.lapetiteprairie.be\/index.php?rest_route=\/wp\/v2\/pages\/198\/revisions"}],"predecessor-version":[{"id":516,"href":"https:\/\/www.lapetiteprairie.be\/index.php?rest_route=\/wp\/v2\/pages\/198\/revisions\/516"}],"wp:attachment":[{"href":"https:\/\/www.lapetiteprairie.be\/index.php?rest_route=%2Fwp%2Fv2%2Fmedia&parent=198"}],"curies":[{"name":"wp","href":"https:\/\/api.w.org\/{rel}","templated":true}]}}