{"id":403,"date":"2020-08-30T15:45:56","date_gmt":"2020-08-30T13:45:56","guid":{"rendered":"https:\/\/www.lapetiteprairie.be\/?page_id=403"},"modified":"2026-03-01T21:22:24","modified_gmt":"2026-03-01T20:22:24","slug":"la-petite-prairie-n2","status":"publish","type":"page","link":"https:\/\/www.lapetiteprairie.be\/?page_id=403","title":{"rendered":"La Petite Prairie n\u00b02"},"content":{"rendered":"\n<h2 class=\"wp-block-heading\">G\u00eete 3 chambres<\/h2>\n\n\n\n<p>Le g\u00eete d\u2019une capacit\u00e9 de 7 personnes est situ\u00e9 au premier \u00e9tage et se compose de\u00a0:<\/p>\n\n\n\n<ul class=\"wp-block-list\">\n<li>Une cuisine \u00e9quip\u00e9e<\/li>\n\n\n\n<li>Un salon\/salle \u00e0 manger avec t\u00e9l\u00e9vision<\/li>\n\n\n\n<li>Un petit salon avec canap\u00e9 et t\u00e9l\u00e9vision<\/li>\n\n\n\n<li>Une chambre avec 1 lit double<\/li>\n\n\n\n<li>Une chambre avec 1 lit double et 1 lit simple ou 3 lits simples et une douche<\/li>\n\n\n\n<li>Une chambre avec 1 lit double ou 2 lits simples<\/li>\n\n\n\n<li>Une salle de bain avec baignoire\/douche et WC<\/li>\n\n\n\n<li>Une toilette\/WC s\u00e9par\u00e9e<\/li>\n<\/ul>\n\n\n\n<p>Equipements cuisine&nbsp;:<\/p>\n\n\n\n<ul class=\"wp-block-list\">\n<li>Machine \u00e0 caf\u00e9 (pads), percolateur, bouilloire \u00e9lectrique<\/li>\n\n\n\n<li>Four traditionnel, four micro-ondes<\/li>\n\n\n\n<li>Lave-vaisselle, r\u00e9frig\u00e9rateur\/cong\u00e9lateur, mixer, etc.<\/li>\n<\/ul>\n\n\n\n<p>Equipements ext\u00e9rieurs&nbsp;:<\/p>\n\n\n\n<ul class=\"wp-block-list\">\n<li>Terrasse couverte, jardin cl\u00f4tur\u00e9, parking priv\u00e9<\/li>\n\n\n\n<li>Barbecue, terrain de p\u00e9tanque<\/li>\n\n\n\n<li>Table de ping-pong<\/li>\n<\/ul>\n\n\n\n<p>Le logement est non-fumeur et les animaux ne sont pas accept\u00e9s.<\/p>\n\n\n\n<p><\/p>\n\n\n\n<p>\r\n\t\t\t\t\t\n\r\n\t\t\t\t\t<!-- START UNITE GALLERY LITE 1.7.56 -->\r\n\t\t\t\t\t\r\n\t\t\t\t\n\t\t\t<div id='unitegallery_6_1' class='unite-gallery' style='margin:0px auto;'>\n\t\t\t\t\n\n\t\t\t\t\t\t<img alt=\"LLP2 2\"\n\t\t\t\t\t\t     src=\"\" data-image=\"https:\/\/www.lapetiteprairie.be\/wp-content\/uploads\/2020\/08\/LLP2-2-scaled.jpg\"\n\t\t\t\t\t\t     data-thumb=\"https:\/\/www.lapetiteprairie.be\/wp-content\/uploads\/2020\/08\/LLP2-2-300x225.jpg\"\n\t\t\t\t\t\t     title=\"\"\n\t\t\t\t\t\t     style=\"display:none\">\n\n\t\t\t\t\t\t<img alt=\"LPP2 1\"\n\t\t\t\t\t\t     src=\"\" data-image=\"https:\/\/www.lapetiteprairie.be\/wp-content\/uploads\/2020\/08\/LPP2-1-scaled.jpg\"\n\t\t\t\t\t\t     data-thumb=\"https:\/\/www.lapetiteprairie.be\/wp-content\/uploads\/2020\/08\/LPP2-1-300x225.jpg\"\n\t\t\t\t\t\t     title=\"\"\n\t\t\t\t\t\t     style=\"display:none\">\n\n\t\t\t\t\t\t<img alt=\"LPP2 3\"\n\t\t\t\t\t\t     src=\"\" data-image=\"https:\/\/www.lapetiteprairie.be\/wp-content\/uploads\/2020\/08\/LPP2-3-scaled.jpg\"\n\t\t\t\t\t\t     data-thumb=\"https:\/\/www.lapetiteprairie.be\/wp-content\/uploads\/2020\/08\/LPP2-3-300x225.jpg\"\n\t\t\t\t\t\t     title=\"\"\n\t\t\t\t\t\t     style=\"display:none\">\n\n\t\t\t\t\t\t<img alt=\"LPP2 4\"\n\t\t\t\t\t\t     src=\"\" data-image=\"https:\/\/www.lapetiteprairie.be\/wp-content\/uploads\/2020\/08\/LPP2-4-scaled.jpg\"\n\t\t\t\t\t\t     data-thumb=\"https:\/\/www.lapetiteprairie.be\/wp-content\/uploads\/2020\/08\/LPP2-4-300x225.jpg\"\n\t\t\t\t\t\t     title=\"\"\n\t\t\t\t\t\t     style=\"display:none\">\n\n\t\t\t\t\t\t<img alt=\"LPP2 5\"\n\t\t\t\t\t\t     src=\"\" data-image=\"https:\/\/www.lapetiteprairie.be\/wp-content\/uploads\/2020\/08\/LPP2-5-scaled.jpg\"\n\t\t\t\t\t\t     data-thumb=\"https:\/\/www.lapetiteprairie.be\/wp-content\/uploads\/2020\/08\/LPP2-5-300x225.jpg\"\n\t\t\t\t\t\t     title=\"\"\n\t\t\t\t\t\t     style=\"display:none\">\n\n\t\t\t\t\t\t<img alt=\"LPP2 6\"\n\t\t\t\t\t\t     src=\"\" data-image=\"https:\/\/www.lapetiteprairie.be\/wp-content\/uploads\/2020\/08\/LPP2-6-scaled.jpg\"\n\t\t\t\t\t\t     data-thumb=\"https:\/\/www.lapetiteprairie.be\/wp-content\/uploads\/2020\/08\/LPP2-6-300x225.jpg\"\n\t\t\t\t\t\t     title=\"\"\n\t\t\t\t\t\t     style=\"display:none\">\n\n\t\t\t\t\t\t<img alt=\"LPP2 7\"\n\t\t\t\t\t\t     src=\"\" data-image=\"https:\/\/www.lapetiteprairie.be\/wp-content\/uploads\/2020\/08\/LPP2-7-scaled.jpg\"\n\t\t\t\t\t\t     data-thumb=\"https:\/\/www.lapetiteprairie.be\/wp-content\/uploads\/2020\/08\/LPP2-7-300x225.jpg\"\n\t\t\t\t\t\t     title=\"\"\n\t\t\t\t\t\t     style=\"display:none\">\n\n\t\t\t\t\t\t<img alt=\"LPP2 8\"\n\t\t\t\t\t\t     src=\"\" data-image=\"https:\/\/www.lapetiteprairie.be\/wp-content\/uploads\/2020\/08\/LPP2-8-scaled.jpg\"\n\t\t\t\t\t\t     data-thumb=\"https:\/\/www.lapetiteprairie.be\/wp-content\/uploads\/2020\/08\/LPP2-8-300x225.jpg\"\n\t\t\t\t\t\t     title=\"\"\n\t\t\t\t\t\t     style=\"display:none\">\n\n\t\t\t\t\t\t<img alt=\"LPP2 9\"\n\t\t\t\t\t\t     src=\"\" data-image=\"https:\/\/www.lapetiteprairie.be\/wp-content\/uploads\/2020\/08\/LPP2-9-scaled.jpg\"\n\t\t\t\t\t\t     data-thumb=\"https:\/\/www.lapetiteprairie.be\/wp-content\/uploads\/2020\/08\/LPP2-9-225x300.jpg\"\n\t\t\t\t\t\t     title=\"\"\n\t\t\t\t\t\t     style=\"display:none\">\n\t\t\t<\/div>\n\n\t\t\t<script type='text\/javascript'>\n\t\t\t\twindow.onload = function(e) {\n\t\t\t\t\tif(typeof ugCheckForErrors == \"undefined\"){\n\t\t\t\t\t\tdocument.getElementById(\"unitegallery_6_1\").innerHTML = \"<span style='color:red'>Unite Gallery Error - gallery js and css files not included in the footer. Please make sure that wp_footer() function is added to your theme.<\/span>\";}\n\t\t\t\t\telse{ ugCheckForErrors(\"unitegallery_6_1\", \"jquery\");}\n\t\t\t\t};\n\t\t\t<\/script>\n\n\t\t\t<!-- END UNITEGALLERY LITE--><\/p>\n","protected":false},"excerpt":{"rendered":"<p>G\u00eete 3 chambres Le g\u00eete d\u2019une capacit\u00e9 de 7 personnes est situ\u00e9 au premier \u00e9tage et se compose de\u00a0: Equipements cuisine&nbsp;: Equipements ext\u00e9rieurs&nbsp;: Le logement est non-fumeur et les animaux ne sont pas accept\u00e9s.<\/p>\n","protected":false},"author":2,"featured_media":0,"parent":175,"menu_order":0,"comment_status":"closed","ping_status":"closed","template":"","meta":{"footnotes":""},"class_list":["post-403","page","type-page","status-publish","hentry"],"yoast_head":"<!-- This site is optimized with the Yoast SEO plugin v27.4 - https:\/\/yoast.com\/product\/yoast-seo-wordpress\/ -->\n<title>La Petite Prairie n\u00b02 - G\u00eetes &quot;La Petite Prairie&quot;<\/title>\n<meta name=\"robots\" content=\"index, follow, max-snippet:-1, max-image-preview:large, max-video-preview:-1\" \/>\n<link rel=\"canonical\" href=\"https:\/\/www.lapetiteprairie.be\/?page_id=403\" \/>\n<meta property=\"og:locale\" content=\"fr_FR\" \/>\n<meta property=\"og:type\" content=\"article\" \/>\n<meta property=\"og:title\" content=\"La Petite Prairie n\u00b02 - G\u00eetes &quot;La Petite Prairie&quot;\" \/>\n<meta property=\"og:description\" content=\"G\u00eete 3 chambres Le g\u00eete d\u2019une capacit\u00e9 de 7 personnes est situ\u00e9 au premier \u00e9tage et se compose de\u00a0: Equipements cuisine&nbsp;: Equipements ext\u00e9rieurs&nbsp;: Le logement est non-fumeur et les animaux ne sont pas accept\u00e9s.\" \/>\n<meta property=\"og:url\" content=\"https:\/\/www.lapetiteprairie.be\/?page_id=403\" \/>\n<meta property=\"og:site_name\" content=\"G\u00eetes &quot;La Petite Prairie&quot;\" \/>\n<meta property=\"article:modified_time\" content=\"2026-03-01T20:22:24+00:00\" \/>\n<meta name=\"twitter:card\" content=\"summary_large_image\" \/>\n<meta name=\"twitter:label1\" content=\"Dur\u00e9e de lecture estim\u00e9e\" \/>\n\t<meta name=\"twitter:data1\" content=\"1 minute\" \/>\n<script type=\"application\/ld+json\" class=\"yoast-schema-graph\">{\"@context\":\"https:\\\/\\\/schema.org\",\"@graph\":[{\"@type\":\"WebPage\",\"@id\":\"https:\\\/\\\/www.lapetiteprairie.be\\\/?page_id=403\",\"url\":\"https:\\\/\\\/www.lapetiteprairie.be\\\/?page_id=403\",\"name\":\"La Petite Prairie n\u00b02 - G\u00eetes &quot;La Petite Prairie&quot;\",\"isPartOf\":{\"@id\":\"https:\\\/\\\/www.lapetiteprairie.be\\\/#website\"},\"datePublished\":\"2020-08-30T13:45:56+00:00\",\"dateModified\":\"2026-03-01T20:22:24+00:00\",\"breadcrumb\":{\"@id\":\"https:\\\/\\\/www.lapetiteprairie.be\\\/?page_id=403#breadcrumb\"},\"inLanguage\":\"fr-FR\",\"potentialAction\":[{\"@type\":\"ReadAction\",\"target\":[\"https:\\\/\\\/www.lapetiteprairie.be\\\/?page_id=403\"]}]},{\"@type\":\"BreadcrumbList\",\"@id\":\"https:\\\/\\\/www.lapetiteprairie.be\\\/?page_id=403#breadcrumb\",\"itemListElement\":[{\"@type\":\"ListItem\",\"position\":1,\"name\":\"Accueil\",\"item\":\"https:\\\/\\\/www.lapetiteprairie.be\\\/\"},{\"@type\":\"ListItem\",\"position\":2,\"name\":\"Les g\u00eetes\",\"item\":\"https:\\\/\\\/www.lapetiteprairie.be\\\/?page_id=175\"},{\"@type\":\"ListItem\",\"position\":3,\"name\":\"La Petite Prairie n\u00b02\"}]},{\"@type\":\"WebSite\",\"@id\":\"https:\\\/\\\/www.lapetiteprairie.be\\\/#website\",\"url\":\"https:\\\/\\\/www.lapetiteprairie.be\\\/\",\"name\":\"G\u00eetes &quot;La Petite Prairie&quot;\",\"description\":\"G\u00eetes ruraux dans la commune de Modave\",\"publisher\":{\"@id\":\"https:\\\/\\\/www.lapetiteprairie.be\\\/#organization\"},\"potentialAction\":[{\"@type\":\"SearchAction\",\"target\":{\"@type\":\"EntryPoint\",\"urlTemplate\":\"https:\\\/\\\/www.lapetiteprairie.be\\\/?s={search_term_string}\"},\"query-input\":{\"@type\":\"PropertyValueSpecification\",\"valueRequired\":true,\"valueName\":\"search_term_string\"}}],\"inLanguage\":\"fr-FR\"},{\"@type\":\"Organization\",\"@id\":\"https:\\\/\\\/www.lapetiteprairie.be\\\/#organization\",\"name\":\"G\u00eetes &quot;La Petite Prairie&quot;\",\"url\":\"https:\\\/\\\/www.lapetiteprairie.be\\\/\",\"logo\":{\"@type\":\"ImageObject\",\"inLanguage\":\"fr-FR\",\"@id\":\"https:\\\/\\\/www.lapetiteprairie.be\\\/#\\\/schema\\\/logo\\\/image\\\/\",\"url\":\"https:\\\/\\\/www.lapetiteprairie.be\\\/wp-content\\\/uploads\\\/2020\\\/08\\\/cropped-gite-3-epis.png\",\"contentUrl\":\"https:\\\/\\\/www.lapetiteprairie.be\\\/wp-content\\\/uploads\\\/2020\\\/08\\\/cropped-gite-3-epis.png\",\"width\":218,\"height\":250,\"caption\":\"G\u00eetes &quot;La Petite Prairie&quot;\"},\"image\":{\"@id\":\"https:\\\/\\\/www.lapetiteprairie.be\\\/#\\\/schema\\\/logo\\\/image\\\/\"}}]}<\/script>\n<!-- \/ Yoast SEO plugin. -->","yoast_head_json":{"title":"La Petite Prairie n\u00b02 - G\u00eetes &quot;La Petite Prairie&quot;","robots":{"index":"index","follow":"follow","max-snippet":"max-snippet:-1","max-image-preview":"max-image-preview:large","max-video-preview":"max-video-preview:-1"},"canonical":"https:\/\/www.lapetiteprairie.be\/?page_id=403","og_locale":"fr_FR","og_type":"article","og_title":"La Petite Prairie n\u00b02 - G\u00eetes &quot;La Petite Prairie&quot;","og_description":"G\u00eete 3 chambres Le g\u00eete d\u2019une capacit\u00e9 de 7 personnes est situ\u00e9 au premier \u00e9tage et se compose de\u00a0: Equipements cuisine&nbsp;: Equipements ext\u00e9rieurs&nbsp;: Le logement est non-fumeur et les animaux ne sont pas accept\u00e9s.","og_url":"https:\/\/www.lapetiteprairie.be\/?page_id=403","og_site_name":"G\u00eetes &quot;La Petite Prairie&quot;","article_modified_time":"2026-03-01T20:22:24+00:00","twitter_card":"summary_large_image","twitter_misc":{"Dur\u00e9e de lecture estim\u00e9e":"1 minute"},"schema":{"@context":"https:\/\/schema.org","@graph":[{"@type":"WebPage","@id":"https:\/\/www.lapetiteprairie.be\/?page_id=403","url":"https:\/\/www.lapetiteprairie.be\/?page_id=403","name":"La Petite Prairie n\u00b02 - G\u00eetes &quot;La Petite Prairie&quot;","isPartOf":{"@id":"https:\/\/www.lapetiteprairie.be\/#website"},"datePublished":"2020-08-30T13:45:56+00:00","dateModified":"2026-03-01T20:22:24+00:00","breadcrumb":{"@id":"https:\/\/www.lapetiteprairie.be\/?page_id=403#breadcrumb"},"inLanguage":"fr-FR","potentialAction":[{"@type":"ReadAction","target":["https:\/\/www.lapetiteprairie.be\/?page_id=403"]}]},{"@type":"BreadcrumbList","@id":"https:\/\/www.lapetiteprairie.be\/?page_id=403#breadcrumb","itemListElement":[{"@type":"ListItem","position":1,"name":"Accueil","item":"https:\/\/www.lapetiteprairie.be\/"},{"@type":"ListItem","position":2,"name":"Les g\u00eetes","item":"https:\/\/www.lapetiteprairie.be\/?page_id=175"},{"@type":"ListItem","position":3,"name":"La Petite Prairie n\u00b02"}]},{"@type":"WebSite","@id":"https:\/\/www.lapetiteprairie.be\/#website","url":"https:\/\/www.lapetiteprairie.be\/","name":"G\u00eetes &quot;La Petite Prairie&quot;","description":"G\u00eetes ruraux dans la commune de Modave","publisher":{"@id":"https:\/\/www.lapetiteprairie.be\/#organization"},"potentialAction":[{"@type":"SearchAction","target":{"@type":"EntryPoint","urlTemplate":"https:\/\/www.lapetiteprairie.be\/?s={search_term_string}"},"query-input":{"@type":"PropertyValueSpecification","valueRequired":true,"valueName":"search_term_string"}}],"inLanguage":"fr-FR"},{"@type":"Organization","@id":"https:\/\/www.lapetiteprairie.be\/#organization","name":"G\u00eetes &quot;La Petite Prairie&quot;","url":"https:\/\/www.lapetiteprairie.be\/","logo":{"@type":"ImageObject","inLanguage":"fr-FR","@id":"https:\/\/www.lapetiteprairie.be\/#\/schema\/logo\/image\/","url":"https:\/\/www.lapetiteprairie.be\/wp-content\/uploads\/2020\/08\/cropped-gite-3-epis.png","contentUrl":"https:\/\/www.lapetiteprairie.be\/wp-content\/uploads\/2020\/08\/cropped-gite-3-epis.png","width":218,"height":250,"caption":"G\u00eetes &quot;La Petite Prairie&quot;"},"image":{"@id":"https:\/\/www.lapetiteprairie.be\/#\/schema\/logo\/image\/"}}]}},"jetpack_shortlink":"https:\/\/wp.me\/P9AdLW-6v","jetpack_sharing_enabled":true,"_links":{"self":[{"href":"https:\/\/www.lapetiteprairie.be\/index.php?rest_route=\/wp\/v2\/pages\/403","targetHints":{"allow":["GET"]}}],"collection":[{"href":"https:\/\/www.lapetiteprairie.be\/index.php?rest_route=\/wp\/v2\/pages"}],"about":[{"href":"https:\/\/www.lapetiteprairie.be\/index.php?rest_route=\/wp\/v2\/types\/page"}],"author":[{"embeddable":true,"href":"https:\/\/www.lapetiteprairie.be\/index.php?rest_route=\/wp\/v2\/users\/2"}],"replies":[{"embeddable":true,"href":"https:\/\/www.lapetiteprairie.be\/index.php?rest_route=%2Fwp%2Fv2%2Fcomments&post=403"}],"version-history":[{"count":5,"href":"https:\/\/www.lapetiteprairie.be\/index.php?rest_route=\/wp\/v2\/pages\/403\/revisions"}],"predecessor-version":[{"id":568,"href":"https:\/\/www.lapetiteprairie.be\/index.php?rest_route=\/wp\/v2\/pages\/403\/revisions\/568"}],"up":[{"embeddable":true,"href":"https:\/\/www.lapetiteprairie.be\/index.php?rest_route=\/wp\/v2\/pages\/175"}],"wp:attachment":[{"href":"https:\/\/www.lapetiteprairie.be\/index.php?rest_route=%2Fwp%2Fv2%2Fmedia&parent=403"}],"curies":[{"name":"wp","href":"https:\/\/api.w.org\/{rel}","templated":true}]}}